{"id":414,"date":"2024-07-08T12:41:15","date_gmt":"2024-07-08T10:41:15","guid":{"rendered":"https:\/\/prapelli.at\/?page_id=414"},"modified":"2024-07-12T15:35:07","modified_gmt":"2024-07-12T13:35:07","slug":"vortraege-seminare","status":"publish","type":"page","link":"https:\/\/prapelli.at\/index.php\/vortraege-seminare\/","title":{"rendered":"Vortr\u00e4ge, Seminare, Trainings"},"content":{"rendered":"\n<p>Mit all meinen Ausbildungen und (sowohl beruflichen als auch privaten) T\u00e4tigkeiten folge ich meinem Sendungsbewusstsein und biete mein Knowhow in Form von buchbaren Vortr\u00e4gen und Seminaren an.<\/p>\n\n\n\n<p>Im Rahmen von <strong>p\u00e4dagogischen Konferenzen <\/strong>k\u00f6nnen f\u00fcr Lehrerinnen und Lehrer folgende Vortr\u00e4ge gebucht werden:<\/p>\n\n\n\n<div data-wp-interactive=\"core\/file\" class=\"wp-block-file\"><object data-wp-bind--hidden=\"!state.hasPdfPreview\" hidden class=\"wp-block-file__embed\" data=\"https:\/\/prapelli.at\/wp-content\/uploads\/2024\/07\/Fortbildung-zum-Thema-Kindeswohl.pdf\" type=\"application\/pdf\" style=\"width:100%;height:600px\" aria-label=\"Einbettung von Fortbildung-zum-Thema-Kindeswohl.\"><\/object><a id=\"wp-block-file--media-ce359b4c-2354-4686-8ee8-bfe902c3b2d0\" href=\"https:\/\/prapelli.at\/wp-content\/uploads\/2024\/07\/Fortbildung-zum-Thema-Kindeswohl.pdf\" target=\"_blank\" rel=\"noreferrer noopener\">Fortbildung-zum-Thema-Kindeswohl<\/a><\/div>\n\n\n\n<div data-wp-interactive=\"core\/file\" class=\"wp-block-file\"><object data-wp-bind--hidden=\"!state.hasPdfPreview\" hidden class=\"wp-block-file__embed\" data=\"https:\/\/prapelli.at\/wp-content\/uploads\/2024\/07\/Fortbildung-zum-Thema-Schwierige-Gespra\u0308che.pdf\" type=\"application\/pdf\" style=\"width:100%;height:600px\" aria-label=\"Einbettung von Fortbildung-zum-Thema-Schwierige-Gespra\u0308che.\"><\/object><a id=\"wp-block-file--media-e3ed198e-b65a-47fc-ad14-8778c2704c14\" href=\"https:\/\/prapelli.at\/wp-content\/uploads\/2024\/07\/Fortbildung-zum-Thema-Schwierige-Gespra\u0308che.pdf\" target=\"_blank\" rel=\"noreferrer noopener\">Fortbildung-zum-Thema-Schwierige-Gespra\u0308che<\/a><\/div>\n\n\n\n<div data-wp-interactive=\"core\/file\" class=\"wp-block-file\"><object data-wp-bind--hidden=\"!state.hasPdfPreview\" hidden class=\"wp-block-file__embed\" data=\"https:\/\/prapelli.at\/wp-content\/uploads\/2024\/07\/Fortbildung-zum-Thema-Koenig-Alkohol.pdf\" type=\"application\/pdf\" style=\"width:100%;height:600px\" aria-label=\"Einbettung von Fortbildung-zum-Thema-Koenig-Alkohol.\"><\/object><a id=\"wp-block-file--media-c5d8daf7-104a-4aa1-bee7-567e0b5bfb20\" href=\"https:\/\/prapelli.at\/wp-content\/uploads\/2024\/07\/Fortbildung-zum-Thema-Koenig-Alkohol.pdf\" target=\"_blank\" rel=\"noreferrer noopener\">Fortbildung-zum-Thema-Koenig-Alkohol<\/a><\/div>\n\n\n\n<p>Im Rahmen von <strong>Elternabenden<\/strong> an Schulen k\u00f6nnen f\u00fcr Elternvereine folgende Vortr\u00e4ge gebucht werden:<\/p>\n\n\n\n<div data-wp-interactive=\"core\/file\" class=\"wp-block-file\"><object data-wp-bind--hidden=\"!state.hasPdfPreview\" hidden class=\"wp-block-file__embed\" data=\"https:\/\/prapelli.at\/wp-content\/uploads\/2024\/07\/Fortbildung-zum-Thema-Mobbing-an-Schulen.pdf\" type=\"application\/pdf\" style=\"width:100%;height:600px\" aria-label=\"Einbettung von Fortbildung-zum-Thema-Mobbing-an-Schulen.\"><\/object><a id=\"wp-block-file--media-f6b0ac49-7a7e-4a55-90f5-4c07d802730e\" href=\"https:\/\/prapelli.at\/wp-content\/uploads\/2024\/07\/Fortbildung-zum-Thema-Mobbing-an-Schulen.pdf\" target=\"_blank\" rel=\"noreferrer noopener\">Fortbildung-zum-Thema-Mobbing-an-Schulen<\/a><\/div>\n","protected":false},"excerpt":{"rendered":"<p>Mit all meinen Ausbildungen und (sowohl beruflichen als auch privaten) T\u00e4tigkeiten folge ich meinem Sendungsbewusstsein und biete mein Knowhow in Form von buchbaren Vortr\u00e4gen und Seminaren an. Im Rahmen von p\u00e4dagogischen Konferenzen k\u00f6nnen f\u00fcr Lehrerinnen und Lehrer folgende Vortr\u00e4ge gebucht werden: Im Rahmen von Elternabenden an Schulen k\u00f6nnen f\u00fcr Elternvereine folgende Vortr\u00e4ge gebucht werden:<\/p>\n","protected":false},"author":2,"featured_media":0,"parent":0,"menu_order":0,"comment_status":"closed","ping_status":"closed","template":"","meta":{"footnotes":""},"class_list":["post-414","page","type-page","status-publish","hentry"],"_links":{"self":[{"href":"https:\/\/prapelli.at\/index.php\/wp-json\/wp\/v2\/pages\/414","targetHints":{"allow":["GET"]}}],"collection":[{"href":"https:\/\/prapelli.at\/index.php\/wp-json\/wp\/v2\/pages"}],"about":[{"href":"https:\/\/prapelli.at\/index.php\/wp-json\/wp\/v2\/types\/page"}],"author":[{"embeddable":true,"href":"https:\/\/prapelli.at\/index.php\/wp-json\/wp\/v2\/users\/2"}],"replies":[{"embeddable":true,"href":"https:\/\/prapelli.at\/index.php\/wp-json\/wp\/v2\/comments?post=414"}],"version-history":[{"count":18,"href":"https:\/\/prapelli.at\/index.php\/wp-json\/wp\/v2\/pages\/414\/revisions"}],"predecessor-version":[{"id":445,"href":"https:\/\/prapelli.at\/index.php\/wp-json\/wp\/v2\/pages\/414\/revisions\/445"}],"wp:attachment":[{"href":"https:\/\/prapelli.at\/index.php\/wp-json\/wp\/v2\/media?parent=414"}],"curies":[{"name":"wp","href":"https:\/\/api.w.org\/{rel}","templated":true}]}}