{"id":310,"date":"2024-04-21T11:05:26","date_gmt":"2024-04-21T09:05:26","guid":{"rendered":"https:\/\/elli.click-click.at\/?page_id=310"},"modified":"2024-05-02T09:56:51","modified_gmt":"2024-05-02T07:56:51","slug":"kontakt-2","status":"publish","type":"page","link":"https:\/\/prapelli.at\/index.php\/kontakt-2\/","title":{"rendered":"Kontakt"},"content":{"rendered":"\n<p>Erreichen Sie mich pers\u00f6nlich:<br><br>Praxis Peter Ellinger<br>Propst F\u00fchrer-Stra\u00dfe 31\/48, 5. Stock.<br>3100 St. P\u00f6lten<br>0676-5215520<br><a href=\"mailto:office@prapelli.at\">office@prapelli.at<\/a><\/p>\n\n\n\n<p>Finden Sie zu mir &#8211; nur acht Gehminuten vom Bahnhof St. P\u00f6lten entfernt: <\/p>\n\n\n\n<iframe src=\"https:\/\/www.google.com\/maps\/embed?pb=!1m18!1m12!1m3!1d2658.6204477694437!2d15.620657176284478!3d48.213926271252014!2m3!1f0!2f0!3f0!3m2!1i1024!2i768!4f13.1!3m3!1m2!1s0x477278b2bb2b3ecb%3A0x4536270b21938fa0!2sPropst%20F%C3%BChrer-Stra%C3%9Fe%2031%2C%203100%20St.%20P%C3%B6lten!5e0!3m2!1sde!2sat!4v1713167880950!5m2!1sde!2sat\" width=\"600\" height=\"450\" style=\"border:0;\" allowfullscreen=\"\" loading=\"lazy\" referrerpolicy=\"no-referrer-when-downgrade\"><\/iframe>\n\n\n\n<p>Nutzen Sie geb\u00fchrenfreie Parkpl\u00e4tze direkt beim Haus oder fahren Sie <a href=\"https:\/\/www.klimaticket.at\/\" target=\"_blank\" rel=\"noreferrer noopener\">\u00f6ffentlich<\/a> mit dem <a href=\"https:\/\/www.st-poelten.at\/gv-buergerservice\/verkehr-mobilitaet-und-reisen\/lup\" target=\"_blank\" rel=\"noreferrer noopener\">LUP Bus<\/a> der Linie 4 und 6 (je nach Fahrtrichtung) oder 13. Haltestelle &#8222;<a href=\"https:\/\/prapelli.at\/wp-content\/uploads\/2024\/05\/2023-11-15_LUP_Linienplan_QR-scaled.jpg\" target=\"_blank\" rel=\"noreferrer noopener\">Propst-F\u00fchrer-Stra\u00dfe<\/a>&#8220; in der Praterstra\u00dfe. Dann nur noch eine Minute Richtung S\u00fcden zu Fu\u00df stadteinw\u00e4rts.<\/p>\n\n\n\n<figure class=\"wp-block-image size-large is-resized\"><img loading=\"lazy\" decoding=\"async\" width=\"1024\" height=\"711\" src=\"https:\/\/prapelli.at\/wp-content\/uploads\/2024\/04\/Lup_1_1_1-1-1024x711.png\" alt=\"\" class=\"wp-image-376\" style=\"width:738px;height:auto\" srcset=\"https:\/\/prapelli.at\/wp-content\/uploads\/2024\/04\/Lup_1_1_1-1-1024x711.png 1024w, https:\/\/prapelli.at\/wp-content\/uploads\/2024\/04\/Lup_1_1_1-1-300x208.png 300w, https:\/\/prapelli.at\/wp-content\/uploads\/2024\/04\/Lup_1_1_1-1-768x533.png 768w, https:\/\/prapelli.at\/wp-content\/uploads\/2024\/04\/Lup_1_1_1-1-192x133.png 192w, https:\/\/prapelli.at\/wp-content\/uploads\/2024\/04\/Lup_1_1_1-1.png 1134w\" sizes=\"auto, (max-width: 1024px) 100vw, 1024px\" \/><figcaption class=\"wp-element-caption\"><sub><sup>Foto: \u00a9 Peter Ellinger<\/sup><\/sub><\/figcaption><\/figure>\n\n\n\n<figure class=\"wp-block-image size-large is-resized\"><a href=\"https:\/\/prapelli.at\/wp-content\/uploads\/2024\/05\/2023-11-15_LUP_Linienplan_QR-scaled.jpg\" target=\"_blank\" rel=\"noreferrer noopener\"><img loading=\"lazy\" decoding=\"async\" width=\"743\" height=\"1024\" src=\"https:\/\/prapelli.at\/wp-content\/uploads\/2024\/05\/2023-11-15_LUP_Linienplan_QR-743x1024.jpg\" alt=\"\" class=\"wp-image-397\" style=\"width:353px;height:auto\" srcset=\"https:\/\/prapelli.at\/wp-content\/uploads\/2024\/05\/2023-11-15_LUP_Linienplan_QR-743x1024.jpg 743w, https:\/\/prapelli.at\/wp-content\/uploads\/2024\/05\/2023-11-15_LUP_Linienplan_QR-218x300.jpg 218w, https:\/\/prapelli.at\/wp-content\/uploads\/2024\/05\/2023-11-15_LUP_Linienplan_QR-768x1058.jpg 768w, https:\/\/prapelli.at\/wp-content\/uploads\/2024\/05\/2023-11-15_LUP_Linienplan_QR-1115x1536.jpg 1115w, https:\/\/prapelli.at\/wp-content\/uploads\/2024\/05\/2023-11-15_LUP_Linienplan_QR-1487x2048.jpg 1487w, https:\/\/prapelli.at\/wp-content\/uploads\/2024\/05\/2023-11-15_LUP_Linienplan_QR-139x192.jpg 139w, https:\/\/prapelli.at\/wp-content\/uploads\/2024\/05\/2023-11-15_LUP_Linienplan_QR-scaled.jpg 1858w\" sizes=\"auto, (max-width: 743px) 100vw, 743px\" \/><\/a><\/figure>\n\n\n\n<p><br>Senden Sie mir Ihr Anliegen oder Ihre Anfrage:<\/p>\n\n\n\t\t\t<link rel=\"stylesheet\" property=\"stylesheet\" href=\"https:\/\/prapelli.at\/wp-content\/plugins\/happyforms\/bundles\/css\/frontend.css\" \/>\n\t\t\t\t<!-- HappyForms CSS variables -->\n\t<style>\n\t#happyforms-166 {\n\t\t--happyforms-part-title-font-size: 16px;\n--happyforms-part-description-font-size: 12px;\n--happyforms-part-value-font-size: 16px;\n--happyforms-submit-button-font-size: 16px;\n--happyforms-color-primary: #6e2720;\n--happyforms-color-success-notice: #ebf9f0;\n--happyforms-color-success-notice-text: #1eb452;\n--happyforms-color-error: #f23000;\n--happyforms-color-error-notice: #ffeeea;\n--happyforms-color-error-notice-text: #f23000;\n--happyforms-color-part-title: #6e2720;\n--happyforms-color-part-value: #6e2720;\n--happyforms-color-part-placeholder: #888888;\n--happyforms-color-part-description: #6e2720;\n--happyforms-color-part-border: #dbdbdb;\n--happyforms-color-part-border-focus: #7aa4ff;\n--happyforms-color-part-background: #ffffff;\n--happyforms-color-part-background-focus: #ffffff;\n--happyforms-color-submit-background: #dd9933;\n--happyforms-color-submit-background-hover: #6e2720;\n--happyforms-color-submit-border: transparent;\n--happyforms-color-submit-text: #ffffff;\n--happyforms-color-submit-text-hover: #ffffff;\n--happyforms-color-table-row-odd: #fcfcfc;\n--happyforms-color-table-row-even: #efefef;\n--happyforms-color-table-row-odd-text: #000000;\n--happyforms-color-table-row-even-text: #000000;\n--happyforms-color-dropdown-item-bg: #ffffff;\n--happyforms-color-dropdown-item-text: #000000;\n--happyforms-color-dropdown-item-bg-hover: #f4f4f5;\n--happyforms-color-dropdown-item-text-hover: #000000;\n--happyforms-color-divider-hr: #cccccc;\n--happyforms-color-choice-checkmark-bg: #ffffff;\n--happyforms-color-choice-checkmark-bg-focus: #6e2720;\n--happyforms-color-choice-checkmark-color: #ffffff;\n\t}\n\t<\/style>\n\t<!-- End of HappyForms CSS variables -->\n\t\t<!-- HappyForms Additional CSS -->\n\t<style data-happyforms-additional-css>\n\t\t<\/style>\n\t<!-- End of HappyForms Additional CSS -->\n\t\t\t<link rel=\"stylesheet\" type=\"text\/css\" href=\"https:\/\/prapelli.at\/wp-content\/plugins\/happyforms\/core\/assets\/css\/no-interaction.css\">\n\t\t<div class=\"happyforms-form happyforms-styles\" id=\"happyforms-166\">\n\t\t\n\t<form action=\"\" id=\"happyforms-form-166\" method=\"post\" novalidate=\"true\" autocomplete=\"off\">\n\t\t\t\t<input type=\"hidden\" name=\"happyforms_random_seed\" value=\"1989443291\" \/>\n\t\t\n\t\t\t<input type=\"hidden\" name=\"action\" value=\"happyforms_message\">\n\t\t\t\t<input type=\"hidden\" name=\"client_referer\" value=\"\">\n\t\t\t\t<input type=\"hidden\" name=\"current_post_id\" value=\"\">\n\t\t\t\t<input type=\"hidden\" name=\"happyforms_form_id\" value=\"166\" \/>\n\t\t\t\t<input type=\"hidden\" name=\"happyforms_step\" value=\"0\" \/>\n\t\n\t\t<div class=\"happyforms-flex\">\n\t\t\t\t<label for=\"166-number\" class=\"screen-reader-text\">Lass dieses Feld leer<\/label>\n\t<input type=\"text\" id=\"166-number\" name=\"166-number\" style=\"display: none;\" tabindex=\"-1\" autocomplete=\"off\" aria-hidden=\"true\">\n\t\t\t\t\t\t\t\t\t\t<div class=\"happyforms-form__part happyforms-part happyforms-part--single_line_text happyforms-part--width-half happyforms-part--label-show\" id=\"happyforms-166_single_line_text_0-part\" data-happyforms-type=\"single_line_text\" data-happyforms-id=\"single_line_text_0\" data-happyforms-required=\"\">\n\t<div class=\"happyforms-part-wrap\">\n\t\t\n\t\t\t\t\t\t<div class=\"happyforms-part__label-container\">\n\t\t\t\t<label for=\"happyforms-166_single_line_text_0\" class=\"happyforms-part__label\">\n\t\t\t<span class=\"label\">Vorname<\/span>\n\t\t\t\t\t\t\t\t\t\t<span class=\"happyforms-required\"><\/span>\n\t\t\t\t\t\t\t\t\t\t<span class=\"happyforms-optional\">(optional)<\/span>\n\t\t\t\t\t<\/label>\n\t\t\t<\/div>\n\t\t\t\n\t\t\n\t\t<div class=\"happyforms-part__el\">\n\t\t\t\n\t\t\t\n\t\t\t<div class=\"happyforms-input\">\n\t\t\t\t\n\t\t\t\t<input id=\"happyforms-166_single_line_text_0\" type=\"text\" name=\"166_single_line_text_0\" value=\"\" placeholder=\"\" autocomplete=\"off\" spellcheck=\"false\"  autocorrect=\"off\" \/>\n\t\t\t\t\t\t\t<\/div>\n\n\t\t\t\n\t\t\t\n\t\t\t\t\t<\/div>\n\t<\/div>\n<\/div>\n<div class=\"happyforms-form__part happyforms-part happyforms-part--single_line_text happyforms-part--width-half happyforms-part--label-show\" id=\"happyforms-166_single_line_text_1-part\" data-happyforms-type=\"single_line_text\" data-happyforms-id=\"single_line_text_1\" data-happyforms-required=\"\">\n\t<div class=\"happyforms-part-wrap\">\n\t\t\n\t\t\t\t\t\t<div class=\"happyforms-part__label-container\">\n\t\t\t\t<label for=\"happyforms-166_single_line_text_1\" class=\"happyforms-part__label\">\n\t\t\t<span class=\"label\">Nachname<\/span>\n\t\t\t\t\t\t\t\t\t\t<span class=\"happyforms-required\"><\/span>\n\t\t\t\t\t\t\t\t\t\t<span class=\"happyforms-optional\">(optional)<\/span>\n\t\t\t\t\t<\/label>\n\t\t\t<\/div>\n\t\t\t\n\t\t\n\t\t<div class=\"happyforms-part__el\">\n\t\t\t\n\t\t\t\n\t\t\t<div class=\"happyforms-input\">\n\t\t\t\t\n\t\t\t\t<input id=\"happyforms-166_single_line_text_1\" type=\"text\" name=\"166_single_line_text_1\" value=\"\" placeholder=\"\" autocomplete=\"off\" spellcheck=\"false\"  autocorrect=\"off\" \/>\n\t\t\t\t\t\t\t<\/div>\n\n\t\t\t\n\t\t\t\n\t\t\t\t\t<\/div>\n\t<\/div>\n<\/div>\n<div class=\"happyforms-part--with-autocomplete happyforms-form__part happyforms-part happyforms-part--email happyforms-part--width-full happyforms-part--label-show\" id=\"happyforms-166_email_2-part\" data-happyforms-type=\"email\" data-happyforms-id=\"email_2\" data-happyforms-required=\"\">\n\t\t<div class=\"happyforms-part-wrap\">\n\t\t\t\t\t\t<div class=\"happyforms-part__label-container\">\n\t\t\t\t<label for=\"happyforms-166_email_2\" class=\"happyforms-part__label\">\n\t\t\t<span class=\"label\">E-Mail-Adresse<\/span>\n\t\t\t\t\t\t\t\t\t\t<span class=\"happyforms-required\"><\/span>\n\t\t\t\t\t\t\t\t\t\t<span class=\"happyforms-optional\">(optional)<\/span>\n\t\t\t\t\t<\/label>\n\t\t\t<\/div>\n\t\t\t\n\t\t\n\t\t<div class=\"happyforms-part__el\">\n\t\t\t\n\t\t\t\n\t\t\t<div class=\"happyforms-input\">\n\t\t\t\t<input type=\"email\" name=\"166_email_2\" id=\"happyforms-166_email_2\" value=\"\" placeholder=\"\" autocomplete=\"off\" spellcheck=\"false\"  autocorrect=\"off\" \/>\n\t\t\t\t\t\t\t<\/div>\n\n\t\t\t\n\t\t\t\n\t\t\t\t\t<\/div>\n\t<\/div>\n<\/div>\n<div class=\"happyforms-form__part happyforms-part happyforms-part--multi_line_text happyforms-part--width-full happyforms-part--label-show\" id=\"happyforms-166_multi_line_text_3-part\" data-happyforms-type=\"multi_line_text\" data-happyforms-id=\"multi_line_text_3\" data-happyforms-required=\"\">\n\t<div class=\"happyforms-part-wrap\">\n\t\t\t\t\t\t<div class=\"happyforms-part__label-container\">\n\t\t\t\t<label for=\"happyforms-166_multi_line_text_3\" class=\"happyforms-part__label\">\n\t\t\t<span class=\"label\">Nachricht<\/span>\n\t\t\t\t\t\t\t\t\t\t<span class=\"happyforms-required\"><\/span>\n\t\t\t\t\t\t\t\t\t\t<span class=\"happyforms-optional\">(optional)<\/span>\n\t\t\t\t\t<\/label>\n\t\t\t<\/div>\n\t\t\t\n\t\t\n\t\t<div class=\"happyforms-part__el\">\n\t\t\t\n\t\t\t\t\t\t<textarea id=\"happyforms-166_multi_line_text_3\" name=\"166_multi_line_text_3\" rows=\"5\" placeholder=\"\" autocomplete=\"off\" spellcheck=\"false\" autocorrect=\"off\" ><\/textarea>\n\t\t\t\n\t\t\t\n\t\t\t\t\t<\/div>\n\t<\/div>\n<\/div>\n<div class=\"happyforms-part--choice display-type--block happyforms-form__part happyforms-part happyforms-part--checkbox happyforms-part--width-full happyforms-part--label-hidden\" id=\"happyforms-166_checkbox_4-part\" data-happyforms-type=\"checkbox\" data-happyforms-id=\"checkbox_4\" data-happyforms-required=\"\">\n\t<div class=\"happyforms-part-wrap\">\n\t\t\t<div class=\"happyforms-part__label-container\">\n\t\t\t<\/div>\n\t\n\t\t\n\t\t\n\t\t<div class=\"happyforms-part__el\">\n\t\t\t\n\t\t\t\t\t\t\t\t\t\t<div class=\"happyforms-part__option happyforms-part-option\" id=\"checkbox_4_0\">\n\t\t\t\t<label class=\"option-label\">\n\t\t\t\t\t<input type=\"checkbox\" class=\"happyforms-visuallyhidden happyforms-checkbox\" name=\"166_checkbox_4[]\" value=\"0\" data-serialize  autocomplete=\"off\" spellcheck=\"false\"  >\n\t\t\t\t\t<span class=\"checkmark\"><svg xmlns=\"http:\/\/www.w3.org\/2000\/svg\" width=\"12\" height=\"12\" viewBox=\"0 0 24 24\"><path fill=\"currentColor\" d=\"M20.285 2l-11.285 11.567-5.286-5.011-3.714 3.716 9 8.728 15-15.285z\"\/><\/svg><\/span>\n\t\t\t\t\t<span class=\"label-wrap\">\n\t\t\t\t\t\t<span class=\"label\">Ich bin damit einverstanden, dass diese Website die \u00fcbermittelten personenbezogenen Daten speichert und verarbeitet.<\/span>\t\t\t\t\t<\/span>\n\t\t\t\t<\/label>\n\t\t\t\t\t\t\t<\/div>\n\t\t\t\n\t\t\t\n\t\t\t\t\t<\/div>\n\t<\/div>\n<\/div>\n\t\t\t\t\t\t<div class=\"happyforms-form__part happyforms-part happyforms-part--submit\">\n\t\t<button type=\"submit\" class=\"happyforms-submit happyforms-button--submit \">Nachricht senden<\/button>\n\t<\/div>\t\t<\/div>\n\n\t\t\t<\/form>\n\n\t<\/div>\n\n","protected":false},"excerpt":{"rendered":"<p>Erreichen Sie mich pers\u00f6nlich: Praxis Peter EllingerPropst F\u00fchrer-Stra\u00dfe 31\/48, 5. Stock.3100 St. P\u00f6lten0676-5215520office@prapelli.at Finden Sie zu mir &#8211; nur acht Gehminuten vom Bahnhof St. P\u00f6lten entfernt: Nutzen Sie geb\u00fchrenfreie Parkpl\u00e4tze direkt beim Haus oder fahren Sie \u00f6ffentlich mit dem LUP Bus der Linie 4 und 6 (je nach Fahrtrichtung) oder 13. Haltestelle &#8222;Propst-F\u00fchrer-Stra\u00dfe&#8220; in der &hellip; <a href=\"https:\/\/prapelli.at\/index.php\/kontakt-2\/\" class=\"more-link\">Continue reading <span class=\"screen-reader-text\">Kontakt<\/span><\/a><\/p>\n","protected":false},"author":2,"featured_media":0,"parent":0,"menu_order":0,"comment_status":"closed","ping_status":"closed","template":"","meta":{"footnotes":""},"class_list":["post-310","page","type-page","status-publish","hentry"],"_links":{"self":[{"href":"https:\/\/prapelli.at\/index.php\/wp-json\/wp\/v2\/pages\/310","targetHints":{"allow":["GET"]}}],"collection":[{"href":"https:\/\/prapelli.at\/index.php\/wp-json\/wp\/v2\/pages"}],"about":[{"href":"https:\/\/prapelli.at\/index.php\/wp-json\/wp\/v2\/types\/page"}],"author":[{"embeddable":true,"href":"https:\/\/prapelli.at\/index.php\/wp-json\/wp\/v2\/users\/2"}],"replies":[{"embeddable":true,"href":"https:\/\/prapelli.at\/index.php\/wp-json\/wp\/v2\/comments?post=310"}],"version-history":[{"count":20,"href":"https:\/\/prapelli.at\/index.php\/wp-json\/wp\/v2\/pages\/310\/revisions"}],"predecessor-version":[{"id":403,"href":"https:\/\/prapelli.at\/index.php\/wp-json\/wp\/v2\/pages\/310\/revisions\/403"}],"wp:attachment":[{"href":"https:\/\/prapelli.at\/index.php\/wp-json\/wp\/v2\/media?parent=310"}],"curies":[{"name":"wp","href":"https:\/\/api.w.org\/{rel}","templated":true}]}}