{"id":292,"date":"2024-04-19T18:32:54","date_gmt":"2024-04-19T16:32:54","guid":{"rendered":"https:\/\/elli.click-click.at\/?page_id=292"},"modified":"2024-04-22T14:21:01","modified_gmt":"2024-04-22T12:21:01","slug":"supervision","status":"publish","type":"page","link":"https:\/\/prapelli.at\/index.php\/supervision\/","title":{"rendered":"Supervision"},"content":{"rendered":"\n<p>Ich biete Supervision in folgenden Formaten an:<\/p>\n\n\n\n<style>#sp-ea-359 .spcollapsing { height: 0; overflow: hidden; transition-property: height;transition-duration: 300ms;}#sp-ea-359.sp-easy-accordion>.sp-ea-single {margin-bottom: 10px; border: 1px solid #e2e2e2; }#sp-ea-359.sp-easy-accordion>.sp-ea-single>.ea-header a {color: #6e2720;}#sp-ea-359.sp-easy-accordion>.sp-ea-single>.sp-collapse>.ea-body {background: #fff; color: #6e2720;}#sp-ea-359.sp-easy-accordion>.sp-ea-single {background: #eee;}#sp-ea-359.sp-easy-accordion>.sp-ea-single>.ea-header a .ea-expand-icon { float: left; color: #dd9933;font-size: 16px;}<\/style><div id=\"sp_easy_accordion-1713784446\"><div id=\"sp-ea-359\" class=\"sp-ea-one sp-easy-accordion\" data-ex-icon=\"minus\" data-col-icon=\"plus\"  data-ea-active=\"ea-click\"  data-ea-mode=\"vertical\" data-preloader=\"\" data-scroll-active-item=\"\" data-offset-to-scroll=\"0\"><div class=\"ea-card  sp-ea-single\"><h3 class=\"ea-header\"><a class=\"collapsed\" id=\"ea-header-3590\" data-sptoggle=\"spcollapse\" data-sptarget=\"#collapse3590\" aria-controls=\"collapse3590\" href=\"javascript:void(0)\"  aria-expanded=\"false\" tabindex=\"0\"><i class=\"ea-expand-icon ea-icon-expand-plus\"><\/i> Einzelsupervision<\/a><\/h3><div class=\"sp-collapse spcollapse spcollapse\" id=\"collapse3590\" data-parent=\"#sp-ea-359\" role=\"region\" aria-labelledby=\"ea-header-3590\"><div class=\"ea-body\"><p>Einzelsupervision ist eine spezifische Beratungsform, die in beruflichen Angelegenheiten begleitend und unterst\u00fctzend genutzt wird. Sie setzt an der Schnittstelle zwischen Profession, Organisation und Person an. Unter meiner Anleitung werden Fragen und Themen, die sich aus den Anforderungen des Berufs ergeben, reflektiert, gekl\u00e4rt und zuk\u00fcnftige alternative Handlungsm\u00f6glichkeiten erarbeitet.<\/p>\n<p>H\u00e4ufige Anl\u00e4sse, um Supervision in Anspruch zu nehmen sind:<br \/>\n\u25aa Organisatorische Ver\u00e4nderungen (Personal- oder Strukturver\u00e4nderungen, Fusionierungen, usw.)<br \/>\n\u25aa Visions-, Leitbild-, Zielentwicklungen<br \/>\n\u25aa Funktionswechsel \/ Karriereplanung<br \/>\n\u25aa Reflexionsbed\u00fcrfnis bei besonderen beruflichen Herausforderungen<br \/>\n\u25aa Zwickm\u00fchlen-Situationen<br \/>\n\u25aa Berufliche Unsicherheiten oder \u00c4ngste<br \/>\n\u25aa Rollen-, Wert- und Zielkonflikte<br \/>\n\u25aa Komplexit\u00e4tssteigerung<br \/>\n\u25aa Wachsender Arbeitsdruck<br \/>\n\u25aa Fallbesprechungen und -verl\u00e4ufe<br \/>\n\u25aa Fragen der Work-Life-Balance<br \/>\n\u25aa Pers\u00f6nliche Krisen (Burn-Out-Gef\u00e4hrdung, Mobbing, Bossing, usw.)<\/p>\n<\/div><\/div><\/div><div class=\"ea-card  sp-ea-single\"><h3 class=\"ea-header\"><a class=\"collapsed\" id=\"ea-header-3591\" data-sptoggle=\"spcollapse\" data-sptarget=\"#collapse3591\" aria-controls=\"collapse3591\" href=\"javascript:void(0)\"  aria-expanded=\"false\" tabindex=\"0\"><i class=\"ea-expand-icon ea-icon-expand-plus\"><\/i> Fallsupervision<\/a><\/h3><div class=\"sp-collapse spcollapse spcollapse\" id=\"collapse3591\" data-parent=\"#sp-ea-359\" role=\"region\" aria-labelledby=\"ea-header-3591\"><div class=\"ea-body\"><p>In der Fallsupervision treffen sich Vertreter*innen verschiedener Berufe oder Mitglieder eines Teams, um die Besonderheiten bestimmter Klient*innen oder Patient*innen zu besprechen und den Umgang mit ihm zu planen und zu verbessern. Ziele sind Entlastung der Betreuenden und Verbesserung der Betreuung. Die Gruppe dient dabei als Spiegel, in dem Konflikte und Ressourcen deutlich werden und L\u00f6sungen gefunden werden k\u00f6nnen. Ich nutze hierf\u00fcr mitunter Methoden der Schemageleiteten P\u00e4dagogik und Schematherapie, welche einen klar strukturierten Ablauf der Fallsupervisionen erm\u00f6glichen.<\/p>\n<\/div><\/div><\/div><div class=\"ea-card  sp-ea-single\"><h3 class=\"ea-header\"><a class=\"collapsed\" id=\"ea-header-3592\" data-sptoggle=\"spcollapse\" data-sptarget=\"#collapse3592\" aria-controls=\"collapse3592\" href=\"javascript:void(0)\"  aria-expanded=\"false\" tabindex=\"0\"><i class=\"ea-expand-icon ea-icon-expand-plus\"><\/i> Teamsupervision<\/a><\/h3><div class=\"sp-collapse spcollapse spcollapse\" id=\"collapse3592\" data-parent=\"#sp-ea-359\" role=\"region\" aria-labelledby=\"ea-header-3592\"><div class=\"ea-body\"><p>In der Teamsupervision steht der Umgang der Teammitglieder miteinander im Vordergrund. Teilnehmende sind Mitarbeiter*innen eines Teams. Ziel ist ein wechselseitiges Lernen, sowie das Finden von Synergien und L\u00f6sungen. Inhalte sind Zusammenarbeit, Ziele, Prozesse, Strukturen, Werte und Kultur. Dazu geh\u00f6ren auch pers\u00f6nliche Themen, diese werden aber nur soweit behandelt, als sie den gemeinsamen Prozess in besonderem Ma\u00dfe hindern oder f\u00f6rdern. Der optimale Umgang mit Klient*innen ist \u00fcbergeordnetes Ziel.<br \/>\nVorteil der Teamsupervision ist, dass das Gelernte anschlie\u00dfend gemeinsam in die Praxis umgesetzt werden kann.<\/p>\n<\/div><\/div><\/div><div class=\"ea-card  sp-ea-single\"><h3 class=\"ea-header\"><a class=\"collapsed\" id=\"ea-header-3593\" data-sptoggle=\"spcollapse\" data-sptarget=\"#collapse3593\" aria-controls=\"collapse3593\" href=\"javascript:void(0)\"  aria-expanded=\"false\" tabindex=\"0\"><i class=\"ea-expand-icon ea-icon-expand-plus\"><\/i> Gruppensupervision<\/a><\/h3><div class=\"sp-collapse spcollapse spcollapse\" id=\"collapse3593\" data-parent=\"#sp-ea-359\" role=\"region\" aria-labelledby=\"ea-header-3593\"><div class=\"ea-body\"><p>In der Gruppensupervision treffen sich Supervisand*innen aus unterschiedlichen Institutionen oder unterschiedlichen Berufsfeldern und tauschen sich \u2013 unter meiner Anleitung \u2013 \u00fcber ihre Erfahrungen und beruflichen Herausforderungen aus. Jeder Teilnehmende erh\u00e4lt abwechselnd Raum, sich einzubringen und f\u00fcr sich zu lernen. Auch hier dient die Gruppe als Spiegel, in dem Konflikte und Ressourcen deutlich werden und L\u00f6sungen gefunden werden k\u00f6nnen.<br \/>\nVorteil der Gruppensupervision ist es, dass Erfahrungen aus unterschiedlichen Perspektiven und Organisationslogiken und deren Methoden und Kultur zusammenkommen und so den Blick \u00f6ffnen.<\/p>\n<\/div><\/div><\/div><\/div><\/div>\n\n\n\n<p><br>Um welches Format es sich handeln soll, k\u00f6nnen wir gerne bei einem unverbindlichen Erstgespr\u00e4ch (telefonisch oder pers\u00f6nlich) abstimmen und hernach die Form der Zusammenarbeit vereinbaren.<\/p>\n","protected":false},"excerpt":{"rendered":"<p>Ich biete Supervision in folgenden Formaten an: Um welches Format es sich handeln soll, k\u00f6nnen wir gerne bei einem unverbindlichen Erstgespr\u00e4ch (telefonisch oder pers\u00f6nlich) abstimmen und hernach die Form der Zusammenarbeit vereinbaren.<\/p>\n","protected":false},"author":2,"featured_media":0,"parent":0,"menu_order":0,"comment_status":"closed","ping_status":"closed","template":"","meta":{"footnotes":""},"class_list":["post-292","page","type-page","status-publish","hentry"],"_links":{"self":[{"href":"https:\/\/prapelli.at\/index.php\/wp-json\/wp\/v2\/pages\/292","targetHints":{"allow":["GET"]}}],"collection":[{"href":"https:\/\/prapelli.at\/index.php\/wp-json\/wp\/v2\/pages"}],"about":[{"href":"https:\/\/prapelli.at\/index.php\/wp-json\/wp\/v2\/types\/page"}],"author":[{"embeddable":true,"href":"https:\/\/prapelli.at\/index.php\/wp-json\/wp\/v2\/users\/2"}],"replies":[{"embeddable":true,"href":"https:\/\/prapelli.at\/index.php\/wp-json\/wp\/v2\/comments?post=292"}],"version-history":[{"count":8,"href":"https:\/\/prapelli.at\/index.php\/wp-json\/wp\/v2\/pages\/292\/revisions"}],"predecessor-version":[{"id":366,"href":"https:\/\/prapelli.at\/index.php\/wp-json\/wp\/v2\/pages\/292\/revisions\/366"}],"wp:attachment":[{"href":"https:\/\/prapelli.at\/index.php\/wp-json\/wp\/v2\/media?parent=292"}],"curies":[{"name":"wp","href":"https:\/\/api.w.org\/{rel}","templated":true}]}}