{"id":247,"date":"2024-04-15T15:40:58","date_gmt":"2024-04-15T13:40:58","guid":{"rendered":"https:\/\/elli.click-click.at\/?page_id=247"},"modified":"2024-04-15T15:43:16","modified_gmt":"2024-04-15T13:43:16","slug":"konfliktregelung","status":"publish","type":"page","link":"https:\/\/prapelli.at\/index.php\/konfliktregelung\/","title":{"rendered":"Konfliktregelung"},"content":{"rendered":"\n<p>So oft ich mich in Gespr\u00e4chssituationen begebe, so oft wundere ich mich:<br><br>Wie viele unterschiedliche Herangehensweisen es doch gibt\u2026<br><br>In unseren K\u00f6pfen lagern die unterschiedlichsten Landkarten, gepr\u00e4gt von den biografischen Details der betreffenden Personen. Diese Landkarten k\u00f6nnen tief verwurzelt, fest verankert, best\u00e4ndig gelagert oder aber auch frei schwebend, immer wieder rotierend, einer st\u00e4ndigen \u00c4nderung unterworfen sein.<\/p>\n\n\n\n<blockquote class=\"wp-block-quote is-layout-flow wp-block-quote-is-layout-flow\">\n<p>Behalten Sie sich Ihren Hammer, Sie R\u00fcpel!<\/p>\n<cite>Paul Watzlawick: Anleitung zum Ungl\u00fccklichsein<\/cite><\/blockquote>\n\n\n\n<p>Die hohe Kunst ist es, bei Begegnungen zweier (oder mehrerer) Gespr\u00e4chspartner*innen, diese Landkarten immer mit zu denken und den Abgleich derer zu ber\u00fccksichtigen.<\/p>\n\n\n\n<p>Durch Moderation kann es gelingen, mittels gezieltem Nachfragen, Innehalten, Umformulierung des Geh\u00f6rten, einen gemeinsamen Abgleich dieser Landkarten vorzunehmen.<\/p>\n\n\n\n<p>Wenn das gelingt, sind dem Wunder der Begegnung wenig Grenzen auferlegt. Dann k\u00f6nnen Gespr\u00e4che in Flow kommen und Begehrlichkeiten und Bed\u00fcrfnisse hinter Positionen offengelegt werden.<\/p>\n\n\n\n<p>Willkommen in der Welt der Kommunikation.<\/p>\n\n\n\n<p><\/p>\n","protected":false},"excerpt":{"rendered":"<p>So oft ich mich in Gespr\u00e4chssituationen begebe, so oft wundere ich mich: Wie viele unterschiedliche Herangehensweisen es doch gibt\u2026 In unseren K\u00f6pfen lagern die unterschiedlichsten Landkarten, gepr\u00e4gt von den biografischen Details der betreffenden Personen. Diese Landkarten k\u00f6nnen tief verwurzelt, fest verankert, best\u00e4ndig gelagert oder aber auch frei schwebend, immer wieder rotierend, einer st\u00e4ndigen \u00c4nderung unterworfen &hellip; <a href=\"https:\/\/prapelli.at\/index.php\/konfliktregelung\/\" class=\"more-link\">Continue reading <span class=\"screen-reader-text\">Konfliktregelung<\/span><\/a><\/p>\n","protected":false},"author":2,"featured_media":0,"parent":0,"menu_order":0,"comment_status":"closed","ping_status":"closed","template":"","meta":{"footnotes":""},"class_list":["post-247","page","type-page","status-publish","hentry"],"_links":{"self":[{"href":"https:\/\/prapelli.at\/index.php\/wp-json\/wp\/v2\/pages\/247","targetHints":{"allow":["GET"]}}],"collection":[{"href":"https:\/\/prapelli.at\/index.php\/wp-json\/wp\/v2\/pages"}],"about":[{"href":"https:\/\/prapelli.at\/index.php\/wp-json\/wp\/v2\/types\/page"}],"author":[{"embeddable":true,"href":"https:\/\/prapelli.at\/index.php\/wp-json\/wp\/v2\/users\/2"}],"replies":[{"embeddable":true,"href":"https:\/\/prapelli.at\/index.php\/wp-json\/wp\/v2\/comments?post=247"}],"version-history":[{"count":4,"href":"https:\/\/prapelli.at\/index.php\/wp-json\/wp\/v2\/pages\/247\/revisions"}],"predecessor-version":[{"id":251,"href":"https:\/\/prapelli.at\/index.php\/wp-json\/wp\/v2\/pages\/247\/revisions\/251"}],"wp:attachment":[{"href":"https:\/\/prapelli.at\/index.php\/wp-json\/wp\/v2\/media?parent=247"}],"curies":[{"name":"wp","href":"https:\/\/api.w.org\/{rel}","templated":true}]}}