{"id":220,"date":"2024-04-15T15:02:31","date_gmt":"2024-04-15T13:02:31","guid":{"rendered":"https:\/\/elli.click-click.at\/?page_id=220"},"modified":"2024-07-12T09:35:06","modified_gmt":"2024-07-12T07:35:06","slug":"ausbildung","status":"publish","type":"page","link":"https:\/\/prapelli.at\/index.php\/ausbildung\/","title":{"rendered":"Ausbildung"},"content":{"rendered":"\n<p>Meine Ausbildung zum Supervisor, Coach und Organisationsentwickler auf Personalebene an der <a href=\"https:\/\/www.bildungsmanagement.ac.at\/\" target=\"_blank\" rel=\"noreferrer noopener\">ARGE Bildungsmanagement<\/a> hat meinen Weg zum Lebens- und Sozialberater nun komplettiert und ich bin seit Fr\u00fchjahr 2024 in eigener Praxis als Lebens- und Sozialberater t\u00e4tig.<br><br>Als Basis meines Arbeitsstiles verfolge ich den systemischen Ansatz, w\u00fcrde mich jedoch nicht als &#8222;Systemiker&#8220; im klassischen Sinn bezeichnen. Hierf\u00fcr bin ich mir dessen bewusst, zu vielen Erfahrungen und Einfl\u00fcssen meiner Umwelten zu unterliegen. Ich erachte es als meinen Auftrag als Supervisor und Coach, diese Lebenserfahrung bewusst im Beratungskontext einzusetzen.<br><br>Meine T\u00e4tigkeit als Lebens- und Sozialberater ist in erster Linie eine Haltungsfrage:<br><br>Ich stelle Raum und Zeit zur Verf\u00fcgung, um f\u00fcr Lebens- und Arbeitssituationen andere Blickwinkel anzubieten und w\u00e4hrend der Beratung zu neuen Gesichtspunkten und Herangehensweisen (Perspektiven) zu verhelfen.<\/p>\n\n\n\n<figure class=\"wp-block-image size-large is-resized\"><img loading=\"lazy\" decoding=\"async\" width=\"1024\" height=\"1024\" src=\"https:\/\/prapelli.at\/wp-content\/uploads\/2024\/02\/supervision_ellinger-1024x1024.jpeg\" alt=\"\" class=\"wp-image-109\" style=\"width:451px;height:auto\" srcset=\"https:\/\/prapelli.at\/wp-content\/uploads\/2024\/02\/supervision_ellinger-1024x1024.jpeg 1024w, https:\/\/prapelli.at\/wp-content\/uploads\/2024\/02\/supervision_ellinger-300x300.jpeg 300w, https:\/\/prapelli.at\/wp-content\/uploads\/2024\/02\/supervision_ellinger-150x150.jpeg 150w, https:\/\/prapelli.at\/wp-content\/uploads\/2024\/02\/supervision_ellinger-768x768.jpeg 768w, https:\/\/prapelli.at\/wp-content\/uploads\/2024\/02\/supervision_ellinger.jpeg 1080w\" sizes=\"auto, (max-width: 1024px) 100vw, 1024px\" \/><figcaption class=\"wp-element-caption\"><sub><sup>Foto: \u00a9 Thomas Zuser<\/sup><\/sub><\/figcaption><\/figure>\n\n\n\n<p><br>Um einen kleinen \u00dcberblick \u00fcber meinen Werdegang zu bekommen, im Folgenden ein Abriss meiner bisherigen Ausbildungen:<\/p>\n\n\n\n<ul class=\"wp-block-list\">\n<li>HTL Informatik (<a href=\"https:\/\/www.htlstp.ac.at\/\" target=\"_blank\" rel=\"noreferrer noopener\">St. P\u00f6lten<\/a>)<\/li>\n\n\n\n<li>Bef\u00e4higungspr\u00fcfung Gastgewerbe (<a href=\"https:\/\/www.noe.wifi.at\/\" target=\"_blank\" rel=\"noreferrer noopener\">Wifi N\u00d6<\/a>)<\/li>\n\n\n\n<li>Taxilenkpr\u00fcfung (<a href=\"https:\/\/www.noe.wifi.at\/\" target=\"_blank\" rel=\"noreferrer noopener\">Wifi N\u00d6<\/a>)<\/li>\n\n\n\n<li>Fachhochschule Soziale Arbeit (<a href=\"https:\/\/www.fhstp.ac.at\/de\" target=\"_blank\" rel=\"noreferrer noopener\">St. P\u00f6lten<\/a>)<\/li>\n\n\n\n<li>Risflecting\u00a9 Seminar (<a href=\"https:\/\/risflecting.eu\/\" target=\"_blank\" rel=\"noreferrer noopener\">Gerald Koller<\/a>)<\/li>\n\n\n\n<li>Kampfesspiele (<a href=\"https:\/\/kraftprotz.net\/fuer-paedagoginnen\/kampfesspiele-weiterbildung\/\" target=\"_blank\" rel=\"noreferrer noopener\">Josef Riederle<\/a>)<\/li>\n\n\n\n<li>Der Provokative Stil (<a href=\"https:\/\/provokativ.com\/dr-e-noni-hoefner\/\" target=\"_blank\" rel=\"noreferrer noopener\">Noni H\u00f6fner<\/a>)<\/li>\n\n\n\n<li>Projektleiter Suchtvorbeugung (<a href=\"https:\/\/www.fachstelle.at\/\" target=\"_blank\" rel=\"noreferrer noopener\">Fachstelle N\u00d6<\/a>)<\/li>\n\n\n\n<li>Mediator und Konfliktregler (<a href=\"https:\/\/mediatoren.justiz.gv.at\/\" target=\"_blank\" rel=\"noreferrer noopener\">Eintragung nach ZivMediatG<\/a>)<\/li>\n\n\n\n<li>Train the Trainer Schemageleitete P\u00e4dagogik und Schematherapie (<a href=\"https:\/\/www.xn--schematherapie-fr-kinder-btc.de\/\" target=\"_blank\" rel=\"noreferrer noopener\">Dr. Loose<\/a>)<\/li>\n\n\n\n<li>Sozialmanagement 1 an der Akademie f\u00fcr Sozialmanagement, Wien (<a href=\"https:\/\/www.sozialmanagement.at\/\" target=\"_blank\" rel=\"noreferrer noopener\">ASOM<\/a>)<\/li>\n\n\n\n<li>PART Basistraining (<a href=\"https:\/\/www.parttraining.de\/part-seminare\/#part-basis-seminar\" target=\"_blank\" rel=\"noreferrer noopener\">Professionell handeln in Gewaltsituationen<\/a>)<\/li>\n\n\n\n<li>Akademischer Supervisor, Coach und Organisationsentwickler (<a href=\"https:\/\/www.bildungsmanagement.ac.at\/\" target=\"_blank\" rel=\"noreferrer noopener\">ARGE Bildungsmanagement<\/a>)<\/li>\n<\/ul>\n\n\n\n<p>Vor meiner Zeit als Sozialarbeiter (als &#8222;Sp\u00e4tberufener&#8220; habe ich das Studium erst mit 26 Jahren begonnen) war ich selbstst\u00e4ndig im Dienstleistungssektor t\u00e4tig (daher die Gastgewerbe und Taxilenkausbildung). Danach als Techniker bei max.mobil, einem aufstrebenden IT-Telekommunikationsunternehmen in der IT.Operations (heute &#8222;T-Mobile Austria &#8211; Magenta&#8220;).<\/p>\n\n\n\n<p>Im Sozialbereich durfte ich bisher in folgenden Einrichtungen und Bereichen beruflich (mit-)wirken:<\/p>\n\n\n\n<ul class=\"wp-block-list\">\n<li><strong>Psychosozialer Dienst<\/strong>, Caritas St. P\u00f6lten (Praktikum)<\/li>\n\n\n\n<li><strong>Suchtberatung<\/strong>, Caritas St. P\u00f6lten (14 Wochen Langzeitpraktikum)<\/li>\n\n\n\n<li><strong>Notschlafstelle<\/strong> Auffangnetz, Emmaus St. P\u00f6lten (jahrelange fallweise Besch\u00e4ftigung)<\/li>\n\n\n\n<li><strong>Mobile Jugendarbeit<\/strong>, Verein Tender M\u00f6dling<\/li>\n\n\n\n<li><strong>M\u00e4nnerwohnheim<\/strong> Kalvarienberg, Emmaus St. P\u00f6lten<\/li>\n\n\n\n<li><strong>Mobile Jugendarbeit<\/strong>, Verein Jugend und Lebenswelt St.  P\u00f6lten<\/li>\n\n\n\n<li><strong>N\u00d6 Fachstelle f\u00fcr<\/strong> <strong>Suchtpr\u00e4vention<\/strong>, St. P\u00f6lten (Projektleiter Bereich Schule und Milit\u00e4r)<\/li>\n\n\n\n<li><strong>Kriseninterventionszentrum<\/strong> Die Br\u00fccke St. P\u00f6lten, Land N\u00d6<\/li>\n\n\n\n<li><strong>Kinder- und Jugendhilfe<\/strong>, BH St. P\u00f6lten, Land N\u00d6<\/li>\n\n\n\n<li><strong>Sozialp\u00e4dagogische Familienhilfe Amstetten<\/strong>, Verein Rettet das Kind N\u00d6<\/li>\n<\/ul>\n","protected":false},"excerpt":{"rendered":"<p>Meine Ausbildung zum Supervisor, Coach und Organisationsentwickler auf Personalebene an der ARGE Bildungsmanagement hat meinen Weg zum Lebens- und Sozialberater nun komplettiert und ich bin seit Fr\u00fchjahr 2024 in eigener Praxis als Lebens- und Sozialberater t\u00e4tig. Als Basis meines Arbeitsstiles verfolge ich den systemischen Ansatz, w\u00fcrde mich jedoch nicht als &#8222;Systemiker&#8220; im klassischen Sinn bezeichnen. &hellip; <a href=\"https:\/\/prapelli.at\/index.php\/ausbildung\/\" class=\"more-link\">Continue reading <span class=\"screen-reader-text\">Ausbildung<\/span><\/a><\/p>\n","protected":false},"author":2,"featured_media":0,"parent":0,"menu_order":0,"comment_status":"closed","ping_status":"closed","template":"","meta":{"footnotes":""},"class_list":["post-220","page","type-page","status-publish","hentry"],"_links":{"self":[{"href":"https:\/\/prapelli.at\/index.php\/wp-json\/wp\/v2\/pages\/220","targetHints":{"allow":["GET"]}}],"collection":[{"href":"https:\/\/prapelli.at\/index.php\/wp-json\/wp\/v2\/pages"}],"about":[{"href":"https:\/\/prapelli.at\/index.php\/wp-json\/wp\/v2\/types\/page"}],"author":[{"embeddable":true,"href":"https:\/\/prapelli.at\/index.php\/wp-json\/wp\/v2\/users\/2"}],"replies":[{"embeddable":true,"href":"https:\/\/prapelli.at\/index.php\/wp-json\/wp\/v2\/comments?post=220"}],"version-history":[{"count":26,"href":"https:\/\/prapelli.at\/index.php\/wp-json\/wp\/v2\/pages\/220\/revisions"}],"predecessor-version":[{"id":444,"href":"https:\/\/prapelli.at\/index.php\/wp-json\/wp\/v2\/pages\/220\/revisions\/444"}],"wp:attachment":[{"href":"https:\/\/prapelli.at\/index.php\/wp-json\/wp\/v2\/media?parent=220"}],"curies":[{"name":"wp","href":"https:\/\/api.w.org\/{rel}","templated":true}]}}