{"id":207,"date":"2024-04-15T14:49:25","date_gmt":"2024-04-15T12:49:25","guid":{"rendered":"https:\/\/elli.click-click.at\/?page_id=207"},"modified":"2024-07-15T12:34:53","modified_gmt":"2024-07-15T10:34:53","slug":"ueber-mich","status":"publish","type":"page","link":"https:\/\/prapelli.at\/","title":{"rendered":"Erst einmal ankommen&#8230;"},"content":{"rendered":"\n<p>Herzlich Willkommen auf meiner Webseite. Willkommen in meiner Praxis.<\/p>\n\n\n\n<figure class=\"wp-block-image size-large is-resized wp-duotone-unset-1\"><img loading=\"lazy\" decoding=\"async\" width=\"1024\" height=\"427\" src=\"http:\/\/elli.click-click.at\/wp-content\/uploads\/2024\/02\/cropped-cropped-img_20240227_081752-scaled-1-1024x427.jpg\" alt=\"\" class=\"wp-image-185\" style=\"width:840px;height:auto\" srcset=\"https:\/\/prapelli.at\/wp-content\/uploads\/2024\/02\/cropped-cropped-img_20240227_081752-scaled-1-1024x427.jpg 1024w, https:\/\/prapelli.at\/wp-content\/uploads\/2024\/02\/cropped-cropped-img_20240227_081752-scaled-1-300x125.jpg 300w, https:\/\/prapelli.at\/wp-content\/uploads\/2024\/02\/cropped-cropped-img_20240227_081752-scaled-1-768x320.jpg 768w, https:\/\/prapelli.at\/wp-content\/uploads\/2024\/02\/cropped-cropped-img_20240227_081752-scaled-1-850x354.jpg 850w, https:\/\/prapelli.at\/wp-content\/uploads\/2024\/02\/cropped-cropped-img_20240227_081752-scaled-1.jpg 1500w\" sizes=\"auto, (max-width: 1024px) 100vw, 1024px\" \/><figcaption class=\"wp-element-caption\"><sub><sup>Foto: \u00a9 Thomas Zuser<\/sup><\/sub><\/figcaption><\/figure>\n\n\n\n<p><br><strong>\u00dcber mich<\/strong><\/p>\n\n\n\n<p>Ich bin Mitte der 70er Jahre des vorigen Jahrtausends in St. P\u00f6lten geboren und aufgewachsen. Mittlerweile habe ich mit meiner Familie (verheiratet, drei S\u00f6hne) meinen Lebensmittelpunkt in ein kleines Dorf in der N\u00e4he von St. P\u00f6lten verlegt.<\/p>\n\n\n\n<blockquote class=\"wp-block-quote is-layout-flow wp-block-quote-is-layout-flow\">\n<p>Versucht, diese Welt ein wenig besser zu verlassen, als ihr sie vorgefunden habt.<\/p>\n<cite>Sir Robert Stevenson Smith Baden Powell.<\/cite><\/blockquote>\n\n\n\n<p>Dieses Zitat pr\u00e4gt meine Handlungen seit meiner Kindheit bei den Pfadfinderinnen und Pfadfindern und ich bin mir dessen gewahr, oftmals einen Kampf gegen Windm\u00fchlen zu f\u00fchren.<\/p>\n\n\n\n<p>Begriffe wie erneuerbare Energie, Elektromobilit\u00e4t, Nachhaltigkeit und Ressourcenschonung geben mir einen Korridor vor, in welchem ich mich bewegen m\u00f6chte, nein im Hinblick auf meine S\u00f6hne bewegen muss.<\/p>\n\n\n\n<p>Die supervisorische Begleitung ist ein gelingendes Mittel, um dabei zu unterst\u00fctzen, Arbeitskontexte zu hinterfragen, zu sortieren, zu verstehen und letztlich daraus gewonnene (bestenfalls neue) Erkenntnisse in den Alltag zu transportieren.<\/p>\n\n\n\n<p>Coaching f\u00fcr F\u00fchrungskr\u00e4fte setzt gemeinsam Ziele, leitet die Umsetzung derer an und reflektiert die Erreichung eben dieser.<\/p>\n\n\n\n<p>Als Lebens- und Sozialberater ist es mein Anliegen, Menschen in diversen Lebensprozessen zu begleiten.<\/p>\n\n\n\n<figure class=\"wp-block-image size-full is-resized\"><img loading=\"lazy\" decoding=\"async\" width=\"768\" height=\"1024\" src=\"http:\/\/elli.click-click.at\/wp-content\/uploads\/2024\/02\/whatsapp-image-2024-01-24-at-12.01.45-1.jpeg\" alt=\"\" class=\"wp-image-120\" style=\"width:401px;height:auto\" srcset=\"https:\/\/prapelli.at\/wp-content\/uploads\/2024\/02\/whatsapp-image-2024-01-24-at-12.01.45-1.jpeg 768w, https:\/\/prapelli.at\/wp-content\/uploads\/2024\/02\/whatsapp-image-2024-01-24-at-12.01.45-1-225x300.jpeg 225w\" sizes=\"auto, (max-width: 768px) 100vw, 768px\" \/><figcaption class=\"wp-element-caption\"><sub><sup>Foto: \u00a9 Thomas Zuser<\/sup><\/sub><\/figcaption><\/figure>\n\n\n\n<p><br>All meine <a href=\"https:\/\/prapelli.at\/index.php\/ausbildung\/\" target=\"_blank\" rel=\"noreferrer noopener\">Lebens- und Berufserfahrungen<\/a> beeinflussen meine Entwicklung als Pers\u00f6nlichkeit und meinen Stil als Supervisor. Die meisten meiner Methoden sind nicht sicht- bzw. greifbar, da sie auf Gespr\u00e4chsf\u00fchrungstechniken beruhen. Selbstverst\u00e4ndlich bediene ich mich auch diverser Materialien, um Zusammenh\u00e4nge be&#8220;greifbar&#8220; zu machen.<\/p>\n\n\n\n<p>Hierf\u00fcr reise ich gerne an, biete meine Dienstleistungen aber auch in eigenen Praxisr\u00e4umlichkeiten in St. P\u00f6lten an.<\/p>\n\n\n\n<blockquote class=\"wp-block-quote is-layout-flow wp-block-quote-is-layout-flow\">\n<p>Um sich auf den gemeinsamen Prozess einlassen zu k\u00f6nnen, bedarf es gegenseitigem Vertrauen und der Gewissheit, dass letztlich alles gut wird.<\/p>\n<cite>Mag. Peter Ellinger<\/cite><\/blockquote>\n\n\n\n<p><\/p>\n","protected":false},"excerpt":{"rendered":"<p>Herzlich Willkommen auf meiner Webseite. Willkommen in meiner Praxis. \u00dcber mich Ich bin Mitte der 70er Jahre des vorigen Jahrtausends in St. P\u00f6lten geboren und aufgewachsen. Mittlerweile habe ich mit meiner Familie (verheiratet, drei S\u00f6hne) meinen Lebensmittelpunkt in ein kleines Dorf in der N\u00e4he von St. P\u00f6lten verlegt. Versucht, diese Welt ein wenig besser zu &hellip; <a href=\"https:\/\/prapelli.at\/\" class=\"more-link\">Continue reading <span class=\"screen-reader-text\">Erst einmal ankommen&#8230;<\/span><\/a><\/p>\n","protected":false},"author":2,"featured_media":0,"parent":0,"menu_order":0,"comment_status":"closed","ping_status":"closed","template":"","meta":{"footnotes":""},"class_list":["post-207","page","type-page","status-publish","hentry"],"_links":{"self":[{"href":"https:\/\/prapelli.at\/index.php\/wp-json\/wp\/v2\/pages\/207","targetHints":{"allow":["GET"]}}],"collection":[{"href":"https:\/\/prapelli.at\/index.php\/wp-json\/wp\/v2\/pages"}],"about":[{"href":"https:\/\/prapelli.at\/index.php\/wp-json\/wp\/v2\/types\/page"}],"author":[{"embeddable":true,"href":"https:\/\/prapelli.at\/index.php\/wp-json\/wp\/v2\/users\/2"}],"replies":[{"embeddable":true,"href":"https:\/\/prapelli.at\/index.php\/wp-json\/wp\/v2\/comments?post=207"}],"version-history":[{"count":28,"href":"https:\/\/prapelli.at\/index.php\/wp-json\/wp\/v2\/pages\/207\/revisions"}],"predecessor-version":[{"id":446,"href":"https:\/\/prapelli.at\/index.php\/wp-json\/wp\/v2\/pages\/207\/revisions\/446"}],"wp:attachment":[{"href":"https:\/\/prapelli.at\/index.php\/wp-json\/wp\/v2\/media?parent=207"}],"curies":[{"name":"wp","href":"https:\/\/api.w.org\/{rel}","templated":true}]}}