{"id":203,"date":"2024-04-15T14:33:41","date_gmt":"2024-04-15T12:33:41","guid":{"rendered":"https:\/\/elli.click-click.at\/?page_id=203"},"modified":"2024-07-21T09:17:40","modified_gmt":"2024-07-21T07:17:40","slug":"buchen-sie-hier-online-ihren-termin","status":"publish","type":"page","link":"https:\/\/prapelli.at\/index.php\/buchen-sie-hier-online-ihren-termin\/","title":{"rendered":"Terminbuchung"},"content":{"rendered":"\n<p>Buchen Sie gleich hier Online einen <a href=\"https:\/\/calendly.com\/prapelli\/ruckrufwunsch?embed_domain=elli.click-click.at&amp;embed_type=Inline&amp;back=1\" rel=\"nofollow\">R\u00fcckrufwunsch<\/a>, <a href=\"https:\/\/prapelli.at\/index.php\/kontakt-2\/\" data-type=\"page\" data-id=\"258\" target=\"_blank\" rel=\"noreferrer noopener\">rufen Sie mich an<\/a>, oder <a href=\"mailto: office@prapelli.at\">schreiben Sie mir ein kurzes Mail<\/a>.<br><br>Ich melde mich zu gew\u00fcnschtem Zeitpunkt und wir besprechen Ihre Zielvorstellungen und entwickeln bei einem unverbindlichen Erstgespr\u00e4ch gemeinsam ein entsprechendes Beratungsformat (Dauer des Erstgespr\u00e4ches zwischen 15 und 30 Minuten).<\/p>\n\n\n\n<!-- Calendly Inline-Widget Beginn -->\n<div class=\"calendly-inline-widget\" data-url=\"https:\/\/calendly.com\/prapelli\" style=\"min-width:320px;height:700px;\"><\/div>\n<script type=\"text\/javascript\" src=\"https:\/\/assets.calendly.com\/assets\/external\/widget.js\" async><\/script>\n<!-- Calendly Inline-Widget Ende -->\n","protected":false},"excerpt":{"rendered":"<p>Buchen Sie gleich hier Online einen R\u00fcckrufwunsch, rufen Sie mich an, oder schreiben Sie mir ein kurzes Mail. Ich melde mich zu gew\u00fcnschtem Zeitpunkt und wir besprechen Ihre Zielvorstellungen und entwickeln bei einem unverbindlichen Erstgespr\u00e4ch gemeinsam ein entsprechendes Beratungsformat (Dauer des Erstgespr\u00e4ches zwischen 15 und 30 Minuten).<\/p>\n","protected":false},"author":2,"featured_media":0,"parent":0,"menu_order":0,"comment_status":"closed","ping_status":"closed","template":"","meta":{"footnotes":""},"class_list":["post-203","page","type-page","status-publish","hentry"],"_links":{"self":[{"href":"https:\/\/prapelli.at\/index.php\/wp-json\/wp\/v2\/pages\/203","targetHints":{"allow":["GET"]}}],"collection":[{"href":"https:\/\/prapelli.at\/index.php\/wp-json\/wp\/v2\/pages"}],"about":[{"href":"https:\/\/prapelli.at\/index.php\/wp-json\/wp\/v2\/types\/page"}],"author":[{"embeddable":true,"href":"https:\/\/prapelli.at\/index.php\/wp-json\/wp\/v2\/users\/2"}],"replies":[{"embeddable":true,"href":"https:\/\/prapelli.at\/index.php\/wp-json\/wp\/v2\/comments?post=203"}],"version-history":[{"count":18,"href":"https:\/\/prapelli.at\/index.php\/wp-json\/wp\/v2\/pages\/203\/revisions"}],"predecessor-version":[{"id":451,"href":"https:\/\/prapelli.at\/index.php\/wp-json\/wp\/v2\/pages\/203\/revisions\/451"}],"wp:attachment":[{"href":"https:\/\/prapelli.at\/index.php\/wp-json\/wp\/v2\/media?parent=203"}],"curies":[{"name":"wp","href":"https:\/\/api.w.org\/{rel}","templated":true}]}}